{"id":5342,"date":"2023-09-22T13:02:03","date_gmt":"2023-09-22T11:02:03","guid":{"rendered":"https:\/\/drillr.net\/remerciements\/"},"modified":"2024-02-07T12:24:27","modified_gmt":"2024-02-07T11:24:27","slug":"remerciements","status":"publish","type":"page","link":"https:\/\/drillr.net\/fr\/remerciements\/","title":{"rendered":"Remerciements"},"content":{"rendered":"\t\t<div data-elementor-type=\"wp-page\" data-elementor-id=\"5342\" class=\"elementor elementor-5342 elementor-2732\">\n\t\t\t\t\t\t<section class=\"elementor-section elementor-top-section elementor-element elementor-element-25fd688 elementor-section-full_width elementor-section-height-min-height elementor-section-height-default elementor-section-items-middle\" data-id=\"25fd688\" data-element_type=\"section\">\n\t\t\t\t\t\t<div class=\"elementor-container elementor-column-gap-default\">\n\t\t\t\t\t<div class=\"elementor-column elementor-col-100 elementor-top-column elementor-element elementor-element-609da79\" data-id=\"609da79\" data-element_type=\"column\" data-settings=\"{&quot;background_background&quot;:&quot;classic&quot;}\">\n\t\t\t<div class=\"elementor-widget-wrap elementor-element-populated\">\n\t\t\t\t\t<div class=\"elementor-background-overlay\"><\/div>\n\t\t\t\t\t\t<section class=\"elementor-section elementor-inner-section elementor-element elementor-element-35be780 elementor-section-height-min-height elementor-section-boxed elementor-section-height-default\" data-id=\"35be780\" data-element_type=\"section\">\n\t\t\t\t\t\t<div class=\"elementor-container elementor-column-gap-default\">\n\t\t\t\t\t<div class=\"elementor-column elementor-col-100 elementor-inner-column elementor-element elementor-element-582d8d4\" data-id=\"582d8d4\" data-element_type=\"column\">\n\t\t\t<div class=\"elementor-widget-wrap elementor-element-populated\">\n\t\t\t\t\t\t<div class=\"elementor-element elementor-element-dc45d1d elementor-widget elementor-widget-heading\" data-id=\"dc45d1d\" data-element_type=\"widget\" data-widget_type=\"heading.default\">\n\t\t\t\t<div class=\"elementor-widget-container\">\n\t\t\t<h1 class=\"elementor-heading-title elementor-size-default\">Nous vous remercions pour votre commande !<\/h1>\t\t<\/div>\n\t\t\t\t<\/div>\n\t\t\t\t<div class=\"elementor-element elementor-element-ce456a7 elementor-widget__width-initial elementor-widget elementor-widget-wl-thankyou-order-form\" data-id=\"ce456a7\" data-element_type=\"widget\" data-widget_type=\"wl-thankyou-order-form.default\">\n\t\t\t\t<div class=\"elementor-widget-container\">\n\t\t\t        \r\n        \r\n                    \r\n                <p class=\"woocommerce-notice woocommerce-notice--success woocommerce-thankyou-order-received\">Thank you. Your order has been received.<\/p>\r\n        \r\n                <ul class=\"woocommerce-order-overview woocommerce-thankyou-order-details order_details\">\r\n        \r\n                    <li class=\"woocommerce-order-overview__order order\">\r\n                        Order number:                        <strong>5978<\/strong>\r\n                    <\/li>\r\n        \r\n                    <li class=\"woocommerce-order-overview__date date\">\r\n                        Date:                        <strong>22 septembre 2025<\/strong>\r\n                    <\/li>\r\n        \r\n                            \r\n                    <li class=\"woocommerce-order-overview__total total\">\r\n                        Total:                        <strong><span class=\"woocommerce-Price-amount amount\"><bdi>181,00&nbsp;<span class=\"woocommerce-Price-currencySymbol\">&euro;<\/span><\/bdi><\/span><\/strong>\r\n                    <\/li>\r\n        \r\n                                            <li class=\"woocommerce-order-overview__payment-method method\">\r\n                            Payment method:                            <strong>Credit Card (Stripe)<\/strong>\r\n                        <\/li>\r\n                            \r\n                <\/ul>\r\n        \r\n                    \r\n                    \r\n                \r\n        \t\t<\/div>\n\t\t\t\t<\/div>\n\t\t\t\t<div class=\"elementor-element elementor-element-23d0aa0 elementor-widget elementor-widget-text-editor\" data-id=\"23d0aa0\" data-element_type=\"widget\" data-widget_type=\"text-editor.default\">\n\t\t\t\t<div class=\"elementor-widget-container\">\n\t\t\t\t\t\t\t<p>Nous y travaillons d\u00e9j\u00e0 \u00e0 sa pr\u00e9paration !<\/p>\n\t\t\t\t\t\t<\/div>\n\t\t\t\t<\/div>\n\t\t\t\t<div class=\"elementor-element elementor-element-766281b elementor-align-center elementor-widget elementor-widget-button\" data-id=\"766281b\" data-element_type=\"widget\" data-widget_type=\"button.default\">\n\t\t\t\t<div class=\"elementor-widget-container\">\n\t\t\t\t\t<div class=\"elementor-button-wrapper\">\n\t\t\t<a class=\"elementor-button elementor-button-link elementor-size-sm\" href=\"https:\/\/drillr.net\/fr\/\">\n\t\t\t\t\t\t<span class=\"elementor-button-content-wrapper\">\n\t\t\t\t\t\t<span class=\"elementor-button-text\">Retourner \u00e0 l'accueil<\/span>\n\t\t<\/span>\n\t\t\t\t\t<\/a>\n\t\t<\/div>\n\t\t\t\t<\/div>\n\t\t\t\t<\/div>\n\t\t\t\t\t<\/div>\n\t\t<\/div>\n\t\t\t\t\t<\/div>\n\t\t<\/section>\n\t\t\t\t\t<\/div>\n\t\t<\/div>\n\t\t\t\t\t<\/div>\n\t\t<\/section>\n\t\t\t\t<\/div>\n\t\t","protected":false},"excerpt":{"rendered":"<p>Nous vous remercions pour votre commande ! Thank you. Your order has been received. Order number: 4778 Date: 11 January 2024 Total: 27,00&nbsp;&euro; Payment method: Credit Card (Stripe) Nous y travaillons d\u00e9j\u00e0 \u00e0 sa pr\u00e9paration ! Retourner \u00e0 l&#8217;accueil<\/p>\n","protected":false},"author":1,"featured_media":0,"parent":0,"menu_order":0,"comment_status":"closed","ping_status":"closed","template":"elementor_header_footer","meta":{"inline_featured_image":false,"footnotes":""},"acf":[],"_links":{"self":[{"href":"https:\/\/drillr.net\/fr\/wp-json\/wp\/v2\/pages\/5342"}],"collection":[{"href":"https:\/\/drillr.net\/fr\/wp-json\/wp\/v2\/pages"}],"about":[{"href":"https:\/\/drillr.net\/fr\/wp-json\/wp\/v2\/types\/page"}],"author":[{"embeddable":true,"href":"https:\/\/drillr.net\/fr\/wp-json\/wp\/v2\/users\/1"}],"replies":[{"embeddable":true,"href":"https:\/\/drillr.net\/fr\/wp-json\/wp\/v2\/comments?post=5342"}],"version-history":[{"count":1,"href":"https:\/\/drillr.net\/fr\/wp-json\/wp\/v2\/pages\/5342\/revisions"}],"predecessor-version":[{"id":5343,"href":"https:\/\/drillr.net\/fr\/wp-json\/wp\/v2\/pages\/5342\/revisions\/5343"}],"wp:attachment":[{"href":"https:\/\/drillr.net\/fr\/wp-json\/wp\/v2\/media?parent=5342"}],"curies":[{"name":"wp","href":"https:\/\/api.w.org\/{rel}","templated":true}]}}