{"id":5368,"date":"2023-10-17T11:21:34","date_gmt":"2023-10-17T09:21:34","guid":{"rendered":"https:\/\/drillr.net\/aide-et-contact\/"},"modified":"2024-02-07T16:40:33","modified_gmt":"2024-02-07T15:40:33","slug":"aide-et-contact","status":"publish","type":"page","link":"https:\/\/drillr.net\/fr\/aide-et-contact\/","title":{"rendered":"Aide et contact"},"content":{"rendered":"\t\t<div data-elementor-type=\"wp-page\" data-elementor-id=\"5368\" class=\"elementor elementor-5368 elementor-3922\">\n\t\t\t\t\t\t<section class=\"elementor-section elementor-top-section elementor-element elementor-element-67f07d53 elementor-section-full_width elementor-section-height-min-height elementor-section-content-middle animated-slow elementor-section-height-default elementor-section-items-middle elementor-invisible\" data-id=\"67f07d53\" data-element_type=\"section\" data-settings=\"{&quot;background_background&quot;:&quot;classic&quot;,&quot;animation&quot;:&quot;fadeIn&quot;}\">\n\t\t\t\t\t\t<div class=\"elementor-container elementor-column-gap-default\">\n\t\t\t\t\t<div class=\"elementor-column elementor-col-100 elementor-top-column elementor-element elementor-element-ca4095d\" data-id=\"ca4095d\" data-element_type=\"column\">\n\t\t\t<div class=\"elementor-widget-wrap elementor-element-populated\">\n\t\t\t\t\t\t<div class=\"elementor-element elementor-element-b2fe036 elementor-widget elementor-widget-heading\" data-id=\"b2fe036\" data-element_type=\"widget\" data-widget_type=\"heading.default\">\n\t\t\t\t<div class=\"elementor-widget-container\">\n\t\t\t<h1 class=\"elementor-heading-title elementor-size-default\">Aide et contact<\/h1>\t\t<\/div>\n\t\t\t\t<\/div>\n\t\t\t\t\t<\/div>\n\t\t<\/div>\n\t\t\t\t\t<\/div>\n\t\t<\/section>\n\t\t\t\t<section class=\"elementor-section elementor-top-section elementor-element elementor-element-e511699 animated-slow elementor-section-boxed elementor-section-height-default elementor-section-height-default elementor-invisible\" data-id=\"e511699\" data-element_type=\"section\" data-settings=\"{&quot;animation&quot;:&quot;fadeIn&quot;}\">\n\t\t\t\t\t\t<div class=\"elementor-container elementor-column-gap-default\">\n\t\t\t\t\t<div class=\"elementor-column elementor-col-100 elementor-top-column elementor-element elementor-element-f073640\" data-id=\"f073640\" data-element_type=\"column\">\n\t\t\t<div class=\"elementor-widget-wrap elementor-element-populated\">\n\t\t\t\t\t\t<div class=\"elementor-element elementor-element-5bce171 elementor-widget elementor-widget-heading\" data-id=\"5bce171\" data-element_type=\"widget\" data-widget_type=\"heading.default\">\n\t\t\t\t<div class=\"elementor-widget-container\">\n\t\t\t<h2 class=\"elementor-heading-title elementor-size-default\">Contactez-nous<\/h2>\t\t<\/div>\n\t\t\t\t<\/div>\n\t\t\t\t<section class=\"elementor-section elementor-inner-section elementor-element elementor-element-19f5cd1 elementor-section-boxed elementor-section-height-default elementor-section-height-default\" data-id=\"19f5cd1\" data-element_type=\"section\">\n\t\t\t\t\t\t<div class=\"elementor-container elementor-column-gap-default\">\n\t\t\t\t\t<div class=\"elementor-column elementor-col-50 elementor-inner-column elementor-element elementor-element-7516cea\" data-id=\"7516cea\" data-element_type=\"column\">\n\t\t\t<div class=\"elementor-widget-wrap elementor-element-populated\">\n\t\t\t\t\t\t<div class=\"elementor-element elementor-element-cdf5653 elementor-widget elementor-widget-heading\" data-id=\"cdf5653\" data-element_type=\"widget\" data-widget_type=\"heading.default\">\n\t\t\t\t<div class=\"elementor-widget-container\">\n\t\t\t<h2 class=\"elementor-heading-title elementor-size-default\">\u00c9crivez-nous<\/h2>\t\t<\/div>\n\t\t\t\t<\/div>\n\t\t\t\t<div class=\"elementor-element elementor-element-cc583dd elementor-button-align-stretch elementor-widget elementor-widget-form\" data-id=\"cc583dd\" data-element_type=\"widget\" data-settings=\"{&quot;step_next_label&quot;:&quot;Suivant&quot;,&quot;step_previous_label&quot;:&quot;Pr\\u00e9c\\u00e9dent&quot;,&quot;button_width&quot;:&quot;100&quot;,&quot;step_type&quot;:&quot;number_text&quot;,&quot;step_icon_shape&quot;:&quot;circle&quot;}\" data-widget_type=\"form.default\">\n\t\t\t\t<div class=\"elementor-widget-container\">\n\t\t\t\t\t<form class=\"elementor-form\" method=\"post\" name=\"Contactez-nous\">\n\t\t\t<input type=\"hidden\" name=\"post_id\" value=\"5368\"\/>\n\t\t\t<input type=\"hidden\" name=\"form_id\" value=\"cc583dd\"\/>\n\t\t\t<input type=\"hidden\" name=\"referer_title\" value=\"\" \/>\n\n\t\t\t\n\t\t\t<div class=\"elementor-form-fields-wrapper elementor-labels-\">\n\t\t\t\t\t\t\t\t<div class=\"elementor-field-type-text elementor-field-group elementor-column elementor-field-group-name elementor-col-100 elementor-field-required\">\n\t\t\t\t\t\t\t\t\t\t\t\t<label for=\"form-field-name\" class=\"elementor-field-label elementor-screen-only\">\n\t\t\t\t\t\t\t\tPr\u00e9nom\t\t\t\t\t\t\t<\/label>\n\t\t\t\t\t\t\t\t\t\t\t\t\t\t<input size=\"1\" type=\"text\" name=\"form_fields[name]\" id=\"form-field-name\" class=\"elementor-field elementor-size-sm  elementor-field-textual\" placeholder=\"Pr\u00e9nom\" required=\"required\" aria-required=\"true\">\n\t\t\t\t\t\t\t\t\t\t\t<\/div>\n\t\t\t\t\t\t\t\t<div class=\"elementor-field-type-email elementor-field-group elementor-column elementor-field-group-email elementor-col-100 elementor-field-required\">\n\t\t\t\t\t\t\t\t\t\t\t\t<label for=\"form-field-email\" class=\"elementor-field-label elementor-screen-only\">\n\t\t\t\t\t\t\t\tEmail\t\t\t\t\t\t\t<\/label>\n\t\t\t\t\t\t\t\t\t\t\t\t\t\t<input size=\"1\" type=\"email\" name=\"form_fields[email]\" id=\"form-field-email\" class=\"elementor-field elementor-size-sm  elementor-field-textual\" placeholder=\"Email\" required=\"required\" aria-required=\"true\">\n\t\t\t\t\t\t\t\t\t\t\t<\/div>\n\t\t\t\t\t\t\t\t<div class=\"elementor-field-type-select elementor-field-group elementor-column elementor-field-group-field_bc4d612 elementor-col-100 elementor-field-required\">\n\t\t\t\t\t\t\t\t\t\t\t\t<label for=\"form-field-field_bc4d612\" class=\"elementor-field-label elementor-screen-only\">\n\t\t\t\t\t\t\t\tSujet\t\t\t\t\t\t\t<\/label>\n\t\t\t\t\t\t\t\t<div class=\"elementor-field elementor-select-wrapper \">\n\t\t\t<select name=\"form_fields[field_bc4d612]\" id=\"form-field-field_bc4d612\" class=\"elementor-field-textual elementor-size-sm\" required=\"required\" aria-required=\"true\">\n\t\t\t\t\t\t\t\t\t<option value=\"Retour et remboursements\">Retour et remboursements<\/option>\n\t\t\t\t\t\t\t\t\t<option value=\"Mode de paiement\">Mode de paiement<\/option>\n\t\t\t\t\t\t\t\t\t<option value=\"Termes et conditions\">Termes et conditions<\/option>\n\t\t\t\t\t\t\t\t\t<option value=\"Aide pour la commande\">Aide pour la commande<\/option>\n\t\t\t\t\t\t\t\t\t<option value=\"Garantie\">Garantie<\/option>\n\t\t\t\t\t\t\t\t\t<option value=\"Demandes de promotions\">Demandes de promotions<\/option>\n\t\t\t\t\t\t\t\t\t<option value=\"Collaborations Instagram\">Collaborations Instagram<\/option>\n\t\t\t\t\t\t\t\t\t<option value=\"Distribution et vente en gros\">Distribution et vente en gros<\/option>\n\t\t\t\t\t\t\t<\/select>\n\t\t<\/div>\n\t\t\t\t\t\t<\/div>\n\t\t\t\t\t\t\t\t<div class=\"elementor-field-type-textarea elementor-field-group elementor-column elementor-field-group-message elementor-col-100\">\n\t\t\t\t\t\t\t\t\t\t\t\t<label for=\"form-field-message\" class=\"elementor-field-label elementor-screen-only\">\n\t\t\t\t\t\t\t\tMessage\t\t\t\t\t\t\t<\/label>\n\t\t\t\t\t\t<textarea class=\"elementor-field-textual elementor-field  elementor-size-sm\" name=\"form_fields[message]\" id=\"form-field-message\" rows=\"4\" placeholder=\"Message\"><\/textarea>\t\t\t\t<\/div>\n\t\t\t\t\t\t\t\t<div class=\"elementor-field-group elementor-column elementor-field-type-submit elementor-col-100 e-form__buttons\">\n\t\t\t\t\t<button type=\"submit\" class=\"elementor-button elementor-size-sm\">\n\t\t\t\t\t\t<span >\n\t\t\t\t\t\t\t\t\t\t\t\t\t\t\t<span class=\" elementor-button-icon\">\n\t\t\t\t\t\t\t\t\t\t\t\t\t\t\t\t\t\t\t\t\t\t\t\t\t\t<\/span>\n\t\t\t\t\t\t\t\t\t\t\t\t\t\t\t\t\t\t\t\t\t\t<span class=\"elementor-button-text\">Rejoindre les drillerz<\/span>\n\t\t\t\t\t\t\t\t\t\t\t\t\t<\/span>\n\t\t\t\t\t<\/button>\n\t\t\t\t<\/div>\n\t\t\t<\/div>\n\t\t<\/form>\n\t\t\t\t<\/div>\n\t\t\t\t<\/div>\n\t\t\t\t\t<\/div>\n\t\t<\/div>\n\t\t\t\t<div class=\"elementor-column elementor-col-50 elementor-inner-column elementor-element elementor-element-7295106\" data-id=\"7295106\" data-element_type=\"column\">\n\t\t\t<div class=\"elementor-widget-wrap elementor-element-populated\">\n\t\t\t\t\t\t<div class=\"elementor-element elementor-element-b4b8352 elementor-widget elementor-widget-text-editor\" data-id=\"b4b8352\" data-element_type=\"widget\" data-widget_type=\"text-editor.default\">\n\t\t\t\t<div class=\"elementor-widget-container\">\n\t\t\t\t\t\t\t<p><strong>RENSEIGNEMENTS G\u00c9N\u00c9RAUX<\/strong><br><a href=\"mailto:contact@drillr.net\">contact@drillr.net<\/a><\/p>\n<p>RETOURS<br><a href=\"mailto:boutique@drillr.net\">boutique@drillr.net<\/a><\/p>\n<p>DEMANDES DE COLLABORATION M\u00c9DIAS SOCIAUX\/PROMOTION<br><a href=\"mailto:contact@drillr.net\">contact@drillr.net<\/a> Veuillez noter que les demandes de collaboration envoy\u00e9es \u00e0 toute autre adresse que celle ci-dessus seront rejet\u00e9es.<\/p>\n<p>DISTRIBUTION ET VENTE EN GROS<br>Nous ne distribuons pas nos produits ; vous ne pouvez les acheter qu&#8217;en ligne.<\/p>\n<p>ADRESSE DU SI\u00c8GE SOCIAL<br>22 rue de la Poterie<br>92150 Suresnes<br>FRANCE<\/p>\t\t\t\t\t\t<\/div>\n\t\t\t\t<\/div>\n\t\t\t\t\t<\/div>\n\t\t<\/div>\n\t\t\t\t\t<\/div>\n\t\t<\/section>\n\t\t\t\t<div class=\"elementor-element elementor-element-5860a89 elementor-widget elementor-widget-wl-faq\" data-id=\"5860a89\" data-element_type=\"widget\" data-widget_type=\"wl-faq.default\">\n\t\t\t\t<div class=\"elementor-widget-container\">\n\t\t\t                \n            <div class=\"htwoolentor-faq htmove-icon-pos-before\" id=\"htwoolentor-faq-5860a89\" data-settings=\"{&quot;showitem&quot;:false}\" >\n                                            <div class=\"htwoolentor-faq-card\">\n                                <div class=\"htwoolentor-faq-head\"><span class=\"htwoolentor-faq-head-indicator\"><\/span> <span class=\"htwoolentor-faq-head-text\">Where are your stores located ?<\/span><\/div>                                <div class=\"htwoolentor-faq-body\">\n                                    <div class=\"htwoolentor-faq-content\">\n                                    <p>For now, our store is exclusively available online.<\/p>                                    <\/div>\n                                <\/div>\n                            <\/div>\n                                                        <div class=\"htwoolentor-faq-card\">\n                                <div class=\"htwoolentor-faq-head\"><span class=\"htwoolentor-faq-head-indicator\"><\/span> <span class=\"htwoolentor-faq-head-text\">Can you ship to my country ?<\/span><\/div>                                <div class=\"htwoolentor-faq-body\">\n                                    <div class=\"htwoolentor-faq-content\">\n                                    <p>If Colissimo can ship there, so can we! If you\u2019re unable to see your Country in the drop down list please contact us with your adress and we\u2019ll check the availiability.<\/p>                                    <\/div>\n                                <\/div>\n                            <\/div>\n                                                        <div class=\"htwoolentor-faq-card\">\n                                <div class=\"htwoolentor-faq-head\"><span class=\"htwoolentor-faq-head-indicator\"><\/span> <span class=\"htwoolentor-faq-head-text\">How do I get in touch ?<\/span><\/div>                                <div class=\"htwoolentor-faq-body\">\n                                    <div class=\"htwoolentor-faq-content\">\n                                    <p>Either send an email to contact@drillr.net or reach out with our contactt form.<br \/>Collaborations inquiries: contact@drillr.net<\/p>                                    <\/div>\n                                <\/div>\n                            <\/div>\n                                                        <div class=\"htwoolentor-faq-card\">\n                                <div class=\"htwoolentor-faq-head\"><span class=\"htwoolentor-faq-head-indicator\"><\/span> <span class=\"htwoolentor-faq-head-text\">Are VAT and other Import fees or taxes included in the price ?<\/span><\/div>                                <div class=\"htwoolentor-faq-body\">\n                                    <div class=\"htwoolentor-faq-content\">\n                                    <p>If you live within the European Union, all fees are covered and you will not receive any additional fees to receive your package. If you live outside of the European Union, VAT and\/or other fees for import are not included and may apply for the customer.<br \/>We do not have the possibility of estimating these quotes and recommend you to check with your regional customs authority.\u00a0<strong>Please note that should you, as the receiver, chose to decline these charges upon delivery, Drillr will have to settle them in order to get the shipment in return. This sum will be deducted from your refund as a restocking fee.<\/strong><\/p>                                    <\/div>\n                                <\/div>\n                            <\/div>\n                                        <\/div>\n        \t\t<\/div>\n\t\t\t\t<\/div>\n\t\t\t\t<div class=\"elementor-element elementor-element-3edae86 animated-slow elementor-invisible elementor-widget elementor-widget-text-editor\" data-id=\"3edae86\" data-element_type=\"widget\" data-settings=\"{&quot;_animation&quot;:&quot;fadeIn&quot;}\" data-widget_type=\"text-editor.default\">\n\t\t\t\t<div class=\"elementor-widget-container\">\n\t\t\t\t\t\t\t<p><\/p>\n<p><strong style=\"color: var( --e-global-color-primary ); font-size: 1rem;\">Pour plus d&#8217;informations sur les commandes, l&#8217;exp\u00e9dition, les retours, etc. <a href=\"https:\/\/drillr.net\/refunds-and-returns\/\">informations sur cette page<\/a><\/strong><\/p>\n<p><\/p>\t\t\t\t\t\t<\/div>\n\t\t\t\t<\/div>\n\t\t\t\t<div class=\"elementor-element elementor-element-1f7e0cd elementor-widget elementor-widget-heading\" data-id=\"1f7e0cd\" data-element_type=\"widget\" data-widget_type=\"heading.default\">\n\t\t\t\t<div class=\"elementor-widget-container\">\n\t\t\t<h2 class=\"elementor-heading-title elementor-size-default\">Merci de partager notre aventure !<\/h2>\t\t<\/div>\n\t\t\t\t<\/div>\n\t\t\t\t\t<\/div>\n\t\t<\/div>\n\t\t\t\t\t<\/div>\n\t\t<\/section>\n\t\t\t\t<\/div>\n\t\t","protected":false},"excerpt":{"rendered":"<p>Aide et contact Contactez-nous \u00c9crivez-nous RENSEIGNEMENTS G\u00c9N\u00c9RAUXcontact@drillr.net RETOURSboutique@drillr.net DEMANDES DE COLLABORATION M\u00c9DIAS SOCIAUX\/PROMOTIONcontact@drillr.net Veuillez noter que les demandes de collaboration envoy\u00e9es \u00e0 toute autre adresse que celle ci-dessus seront rejet\u00e9es. DISTRIBUTION ET VENTE EN GROSNous ne distribuons pas nos produits ; vous ne pouvez les acheter qu&#8217;en ligne. ADRESSE DU SI\u00c8GE SOCIAL22 rue de la [&hellip;]<\/p>\n","protected":false},"author":1,"featured_media":0,"parent":0,"menu_order":0,"comment_status":"closed","ping_status":"open","template":"","meta":{"inline_featured_image":false,"footnotes":""},"acf":[],"_links":{"self":[{"href":"https:\/\/drillr.net\/fr\/wp-json\/wp\/v2\/pages\/5368"}],"collection":[{"href":"https:\/\/drillr.net\/fr\/wp-json\/wp\/v2\/pages"}],"about":[{"href":"https:\/\/drillr.net\/fr\/wp-json\/wp\/v2\/types\/page"}],"author":[{"embeddable":true,"href":"https:\/\/drillr.net\/fr\/wp-json\/wp\/v2\/users\/1"}],"replies":[{"embeddable":true,"href":"https:\/\/drillr.net\/fr\/wp-json\/wp\/v2\/comments?post=5368"}],"version-history":[{"count":6,"href":"https:\/\/drillr.net\/fr\/wp-json\/wp\/v2\/pages\/5368\/revisions"}],"predecessor-version":[{"id":5377,"href":"https:\/\/drillr.net\/fr\/wp-json\/wp\/v2\/pages\/5368\/revisions\/5377"}],"wp:attachment":[{"href":"https:\/\/drillr.net\/fr\/wp-json\/wp\/v2\/media?parent=5368"}],"curies":[{"name":"wp","href":"https:\/\/api.w.org\/{rel}","templated":true}]}}