{"id":5508,"date":"2018-03-20T13:21:38","date_gmt":"2018-03-20T12:21:38","guid":{"rendered":"https:\/\/drillr.net\/product\/phantom-patch-gris-fonce\/"},"modified":"2024-02-19T18:44:15","modified_gmt":"2024-02-19T17:44:15","slug":"phantom-patch-gris-fonce","status":"publish","type":"product","link":"https:\/\/drillr.net\/fr\/produit\/phantom-patch-gris-fonce\/","title":{"rendered":"&#8211; Phantom \u2013 Patch gris fonc\u00e9"},"content":{"rendered":"<div class=\"swatches-product-details-container pdp-details-restructure pdp-details-restructure-details\">\n<section class=\"swatches-product-details row\">\n<div class=\"pdp-details product-details-section\">\n<div class=\"inner-content product-details-section-inner-content pdp-details-inner-content\">\n<div class=\"desc-container pdp-details-desc-container\">D\u00e9couvrez notre collection de sweats en coton biologique, minutieusement confectionn\u00e9s au Portugal pour vous offrir une qualit\u00e9 exceptionnelle. Nos sweat-shirts sont disponibles dans un gris fonc\u00e9 chin\u00e9 \u00e9l\u00e9gant et pr\u00e9sentent une coupe athl\u00e9tique avec une encolure ronde classique. Ce qui distingue ces sweat-shirts, c&#8217;est le superbe patch en silicone gris fonc\u00e9 qui orne la poitrine. Il ajoute une touche de modernit\u00e9 et de singularit\u00e9 \u00e0 cette pi\u00e8ce classique.<\/div>\n<\/div>\n<\/div>\n<\/section>\n<\/div>\n","protected":false},"excerpt":{"rendered":"<p>D\u00e9couvrez notre collection de sweats en coton biologique, minutieusement confectionn\u00e9s au Portugal pour vous offrir une qualit\u00e9 exceptionnelle. Nos sweat-shirts sont disponibles dans un gris fonc\u00e9 chin\u00e9 \u00e9l\u00e9gant et pr\u00e9sentent une coupe athl\u00e9tique avec une encolure ronde classique. Ce qui distingue ces sweat-shirts, c&#8217;est le superbe patch en silicone gris fonc\u00e9 qui orne la poitrine. Il ajoute une touche de modernit\u00e9 et de singularit\u00e9 \u00e0 cette pi\u00e8ce classique.<\/p>\n","protected":false},"featured_media":5189,"template":"","meta":{"inline_featured_image":false},"product_cat":[105,104,119,127],"product_tag":[131,132,128,129,126,103],"acf":[],"_links":{"self":[{"href":"https:\/\/drillr.net\/fr\/wp-json\/wp\/v2\/product\/5508"}],"collection":[{"href":"https:\/\/drillr.net\/fr\/wp-json\/wp\/v2\/product"}],"about":[{"href":"https:\/\/drillr.net\/fr\/wp-json\/wp\/v2\/types\/product"}],"wp:featuredmedia":[{"embeddable":true,"href":"https:\/\/drillr.net\/fr\/wp-json\/wp\/v2\/media\/5189"}],"wp:attachment":[{"href":"https:\/\/drillr.net\/fr\/wp-json\/wp\/v2\/media?parent=5508"}],"wp:term":[{"taxonomy":"product_cat","embeddable":true,"href":"https:\/\/drillr.net\/fr\/wp-json\/wp\/v2\/product_cat?post=5508"},{"taxonomy":"product_tag","embeddable":true,"href":"https:\/\/drillr.net\/fr\/wp-json\/wp\/v2\/product_tag?post=5508"}],"curies":[{"name":"wp","href":"https:\/\/api.w.org\/{rel}","templated":true}]}}