{"id":5509,"date":"2018-03-20T13:10:52","date_gmt":"2018-03-20T12:10:52","guid":{"rendered":"https:\/\/drillr.net\/product\/fantome-patch-bleu\/"},"modified":"2024-02-14T13:31:42","modified_gmt":"2024-02-14T12:31:42","slug":"fantome-patch-bleu","status":"publish","type":"product","link":"https:\/\/drillr.net\/fr\/produit\/fantome-patch-bleu\/","title":{"rendered":"&#8211; Fant\u00f4me &#8211; Patch bleu"},"content":{"rendered":"<p>D\u00e9couvrez notre collection de sweats en coton biologique, minutieusement confectionn\u00e9s au Portugal pour vous offrir une qualit\u00e9 exceptionnelle. Nos sweat-shirts sont disponibles dans un gris fonc\u00e9 chin\u00e9 \u00e9l\u00e9gant et pr\u00e9sentent une coupe athl\u00e9tique avec une encolure ronde classique. Ce qui distingue ces sweat-shirts, c&#8217;est le superbe patch en silicone bleu qui orne la poitrine. Il ajoute une touche de modernit\u00e9 et de singularit\u00e9 \u00e0 cette pi\u00e8ce classique.<\/p>\n","protected":false},"excerpt":{"rendered":"<p>D\u00e9couvrez notre collection de sweats en coton biologique, minutieusement confectionn\u00e9s au Portugal pour vous offrir une qualit\u00e9 exceptionnelle. Nos sweat-shirts sont disponibles dans un gris fonc\u00e9 chin\u00e9 \u00e9l\u00e9gant et pr\u00e9sentent une coupe athl\u00e9tique avec une encolure ronde classique. Ce qui distingue ces sweat-shirts, c&#8217;est le superbe patch en silicone bleu qui orne la poitrine. Il ajoute une touche de modernit\u00e9 et de singularit\u00e9 \u00e0 cette pi\u00e8ce classique.<\/p>\n","protected":false},"featured_media":5192,"template":"","meta":{"inline_featured_image":false},"product_cat":[105,104,119,127],"product_tag":[132,128,126,103],"acf":[],"_links":{"self":[{"href":"https:\/\/drillr.net\/fr\/wp-json\/wp\/v2\/product\/5509"}],"collection":[{"href":"https:\/\/drillr.net\/fr\/wp-json\/wp\/v2\/product"}],"about":[{"href":"https:\/\/drillr.net\/fr\/wp-json\/wp\/v2\/types\/product"}],"wp:featuredmedia":[{"embeddable":true,"href":"https:\/\/drillr.net\/fr\/wp-json\/wp\/v2\/media\/5192"}],"wp:attachment":[{"href":"https:\/\/drillr.net\/fr\/wp-json\/wp\/v2\/media?parent=5509"}],"wp:term":[{"taxonomy":"product_cat","embeddable":true,"href":"https:\/\/drillr.net\/fr\/wp-json\/wp\/v2\/product_cat?post=5509"},{"taxonomy":"product_tag","embeddable":true,"href":"https:\/\/drillr.net\/fr\/wp-json\/wp\/v2\/product_tag?post=5509"}],"curies":[{"name":"wp","href":"https:\/\/api.w.org\/{rel}","templated":true}]}}