{"id":5510,"date":"2023-10-09T11:45:41","date_gmt":"2023-10-09T09:45:41","guid":{"rendered":"https:\/\/drillr.net\/product\/straps-pour-les-mains\/"},"modified":"2024-12-03T23:00:16","modified_gmt":"2024-12-03T22:00:16","slug":"straps-pour-les-mains","status":"publish","type":"product","link":"https:\/\/drillr.net\/fr\/produit\/straps-pour-les-mains\/","title":{"rendered":"Straps pour les mains"},"content":{"rendered":"<p>Optimisez vos performances et prot\u00e9gez vos articulations avec nos rouleaux de straps. Chaque bo\u00eete comprend 3 rouleaux de straps de 0,75 mm de large et 14 m\u00e8tres de long. Nos straps hypoallerg\u00e9niques am\u00e9liorent votre adh\u00e9rence et minimisent le stress sur vos mains. Repoussez vos limites en toute confiance gr\u00e2ce \u00e0 nos straps de haute qualit\u00e9.<\/p>\n","protected":false},"excerpt":{"rendered":"<p>Optimisez vos performances et prot\u00e9gez vos articulations avec nos rouleaux de straps. Chaque bo\u00eete comprend 3 rouleaux de straps de 0,75 mm de large et 14 m\u00e8tres de long. Nos straps hypoallerg\u00e9niques am\u00e9liorent votre adh\u00e9rence et minimisent le stress sur vos mains. Repoussez vos limites en toute confiance gr\u00e2ce \u00e0 nos straps de haute qualit\u00e9.<\/p>\n","protected":false},"featured_media":5275,"template":"","meta":{"inline_featured_image":false},"product_cat":[139,105,104],"product_tag":[138,137],"acf":[],"_links":{"self":[{"href":"https:\/\/drillr.net\/fr\/wp-json\/wp\/v2\/product\/5510"}],"collection":[{"href":"https:\/\/drillr.net\/fr\/wp-json\/wp\/v2\/product"}],"about":[{"href":"https:\/\/drillr.net\/fr\/wp-json\/wp\/v2\/types\/product"}],"wp:featuredmedia":[{"embeddable":true,"href":"https:\/\/drillr.net\/fr\/wp-json\/wp\/v2\/media\/5275"}],"wp:attachment":[{"href":"https:\/\/drillr.net\/fr\/wp-json\/wp\/v2\/media?parent=5510"}],"wp:term":[{"taxonomy":"product_cat","embeddable":true,"href":"https:\/\/drillr.net\/fr\/wp-json\/wp\/v2\/product_cat?post=5510"},{"taxonomy":"product_tag","embeddable":true,"href":"https:\/\/drillr.net\/fr\/wp-json\/wp\/v2\/product_tag?post=5510"}],"curies":[{"name":"wp","href":"https:\/\/api.w.org\/{rel}","templated":true}]}}