{"id":5512,"date":"2023-09-25T11:25:58","date_gmt":"2023-09-25T09:25:58","guid":{"rendered":"https:\/\/drillr.net\/product\/iconic-t-shirt\/"},"modified":"2023-09-25T11:25:58","modified_gmt":"2023-09-25T09:25:58","slug":"iconic-t-shirt","status":"publish","type":"product","link":"https:\/\/drillr.net\/fr\/produit\/iconic-t-shirt\/","title":{"rendered":"Iconic T-shirt"},"content":{"rendered":"<div class=\"swatches-product-details-container pdp-details-restructure pdp-details-restructure-details\">\n<section class=\"swatches-product-details row\">\n<div class=\"pdp-details product-details-section\">\n<div class=\"inner-content product-details-section-inner-content pdp-details-inner-content\">\n<div class=\"desc-container pdp-details-desc-container\"><strong>Sp\u00e9cifications du t-shirt :<\/strong><br \/>\nCoton bio haut de gamme<br \/>\nStandard fit<\/div>\n<\/div>\n<\/div>\n<\/section>\n<\/div>\n","protected":false},"excerpt":{"rendered":"<p>Notre collection iconique de T-shirts en coton biologique, confectionn\u00e9s avec soin au Portugal pour vous offrir une qualit\u00e9 exceptionnelle. Nos T-shirts en Pirate Grey pr\u00e9sentent un design intemporel avec une longueur standard, une encolure ronde classique et des manches courtes, ce qui en fait une pi\u00e8ce essentielle de votre garde-robe. D\u00e9marquez-vous avec notre logo en silicone en relief bleu \u00e9lectrique, ajoutant une touche de style subtile et moderne.<\/p>\n","protected":false},"featured_media":5160,"template":"","meta":{"inline_featured_image":false},"product_cat":[105,104,130,140],"product_tag":[132,128,129,126,103],"acf":[],"_links":{"self":[{"href":"https:\/\/drillr.net\/fr\/wp-json\/wp\/v2\/product\/5512"}],"collection":[{"href":"https:\/\/drillr.net\/fr\/wp-json\/wp\/v2\/product"}],"about":[{"href":"https:\/\/drillr.net\/fr\/wp-json\/wp\/v2\/types\/product"}],"wp:featuredmedia":[{"embeddable":true,"href":"https:\/\/drillr.net\/fr\/wp-json\/wp\/v2\/media\/5160"}],"wp:attachment":[{"href":"https:\/\/drillr.net\/fr\/wp-json\/wp\/v2\/media?parent=5512"}],"wp:term":[{"taxonomy":"product_cat","embeddable":true,"href":"https:\/\/drillr.net\/fr\/wp-json\/wp\/v2\/product_cat?post=5512"},{"taxonomy":"product_tag","embeddable":true,"href":"https:\/\/drillr.net\/fr\/wp-json\/wp\/v2\/product_tag?post=5512"}],"curies":[{"name":"wp","href":"https:\/\/api.w.org\/{rel}","templated":true}]}}