{"id":5513,"date":"2023-10-10T22:41:17","date_gmt":"2023-10-10T20:41:17","guid":{"rendered":"https:\/\/drillr.net\/product\/phantom-t-shirt\/"},"modified":"2024-02-12T15:13:27","modified_gmt":"2024-02-12T14:13:27","slug":"phantom-t-shirt","status":"publish","type":"product","link":"https:\/\/drillr.net\/fr\/produit\/phantom-t-shirt\/","title":{"rendered":"&#8211; Phantom &#8211; T-shirt"},"content":{"rendered":"<p><strong>Sp\u00e9cifications du t-shirt :<\/strong><br \/>\nCoton bio haut de gamme<br \/>\nStandard fit<\/p>\n","protected":false},"excerpt":{"rendered":"<p>Notre collection iconique de T-shirts en coton biologique, confectionn\u00e9s avec soin au Portugal pour vous offrir une qualit\u00e9 exceptionnelle. Nos T-shirts en Pirate Grey pr\u00e9sentent un design intemporel avec une longueur standard, une encolure ronde classique et des manches courtes, ce qui en fait une pi\u00e8ce essentielle de votre garde-robe. D\u00e9marquez-vous avec notre logo en silicone en relief bleu \u00e9lectrique, ajoutant une touche de style subtile et moderne.<\/p>\n","protected":false},"featured_media":5160,"template":"","meta":{"inline_featured_image":false},"product_cat":[105,104,130,119,140],"product_tag":[132,128,129,126,103],"acf":[],"_links":{"self":[{"href":"https:\/\/drillr.net\/fr\/wp-json\/wp\/v2\/product\/5513"}],"collection":[{"href":"https:\/\/drillr.net\/fr\/wp-json\/wp\/v2\/product"}],"about":[{"href":"https:\/\/drillr.net\/fr\/wp-json\/wp\/v2\/types\/product"}],"wp:featuredmedia":[{"embeddable":true,"href":"https:\/\/drillr.net\/fr\/wp-json\/wp\/v2\/media\/5160"}],"wp:attachment":[{"href":"https:\/\/drillr.net\/fr\/wp-json\/wp\/v2\/media?parent=5513"}],"wp:term":[{"taxonomy":"product_cat","embeddable":true,"href":"https:\/\/drillr.net\/fr\/wp-json\/wp\/v2\/product_cat?post=5513"},{"taxonomy":"product_tag","embeddable":true,"href":"https:\/\/drillr.net\/fr\/wp-json\/wp\/v2\/product_tag?post=5513"}],"curies":[{"name":"wp","href":"https:\/\/api.w.org\/{rel}","templated":true}]}}