{"id":5514,"date":"2023-10-10T18:30:29","date_gmt":"2023-10-10T16:30:29","guid":{"rendered":"https:\/\/drillr.net\/product\/phantom-t-shirt-2\/"},"modified":"2024-12-03T23:00:18","modified_gmt":"2024-12-03T22:00:18","slug":"phantom-t-shirt-2","status":"publish","type":"product","link":"https:\/\/drillr.net\/fr\/produit\/phantom-t-shirt-2\/","title":{"rendered":"&#8211; Phantom &#8211; T-shirt"},"content":{"rendered":"<div class=\"swatches-product-details-container pdp-details-restructure pdp-details-restructure-details\">\n<section class=\"swatches-product-details row\">\n<div class=\"pdp-details product-details-section\">\n<div class=\"inner-content product-details-section-inner-content pdp-details-inner-content\">\n<div class=\"desc-container pdp-details-desc-container\"><strong>Sp\u00e9cifications du t-shirt :<\/strong><br \/>\nCoton bio haut de gamme<br \/>\nStandard fit<\/div>\n<\/div>\n<\/div>\n<\/section>\n<\/div>\n","protected":false},"excerpt":{"rendered":"<p>Notre collection iconique de T-shirts en coton biologique, confectionn\u00e9s avec soin au Portugal pour vous offrir une qualit\u00e9 exceptionnelle. Nos T-shirts gris chin\u00e9 pr\u00e9sentent un design intemporel avec une longueur standard, une encolure ronde classique et des manches courtes, ce qui en fait une pi\u00e8ce essentielle de votre garde-robe. D\u00e9marquez-vous avec notre logo en silicone en relief blanc, ajoutant une touche de style subtile et moderne.<\/p>\n","protected":false},"featured_media":5213,"template":"","meta":{"inline_featured_image":false},"product_cat":[105,104,119,140],"product_tag":[132,128,129,103],"acf":[],"_links":{"self":[{"href":"https:\/\/drillr.net\/fr\/wp-json\/wp\/v2\/product\/5514"}],"collection":[{"href":"https:\/\/drillr.net\/fr\/wp-json\/wp\/v2\/product"}],"about":[{"href":"https:\/\/drillr.net\/fr\/wp-json\/wp\/v2\/types\/product"}],"wp:featuredmedia":[{"embeddable":true,"href":"https:\/\/drillr.net\/fr\/wp-json\/wp\/v2\/media\/5213"}],"wp:attachment":[{"href":"https:\/\/drillr.net\/fr\/wp-json\/wp\/v2\/media?parent=5514"}],"wp:term":[{"taxonomy":"product_cat","embeddable":true,"href":"https:\/\/drillr.net\/fr\/wp-json\/wp\/v2\/product_cat?post=5514"},{"taxonomy":"product_tag","embeddable":true,"href":"https:\/\/drillr.net\/fr\/wp-json\/wp\/v2\/product_tag?post=5514"}],"curies":[{"name":"wp","href":"https:\/\/api.w.org\/{rel}","templated":true}]}}